{"id":6698,"date":"2024-05-09T11:16:53","date_gmt":"2024-05-09T11:16:53","guid":{"rendered":"http:\/\/simsekpompa.com.tr\/?post_type=product&#038;p=6698"},"modified":"2024-07-29T08:37:06","modified_gmt":"2024-07-29T08:37:06","slug":"10045135-nozzle","status":"publish","type":"product","link":"https:\/\/simsekpompa.com.tr\/?product=10045135-nozzle","title":{"rendered":"10*0,45*135-ENJEKT\u00d6R MEMES\u0130"},"content":{"rendered":"<p>RUSK\u0130 G70 P\u0130MS\u0130Z-RUS<\/p>\n","protected":false},"excerpt":{"rendered":"<p>RUSK\u0130 G70 P\u0130MS\u0130Z-RUS<\/p>\n","protected":false},"featured_media":7210,"comment_status":"open","ping_status":"closed","template":"","meta":{"om_disable_all_campaigns":false,"_monsterinsights_skip_tracking":false,"_monsterinsights_sitenote_active":false,"_monsterinsights_sitenote_note":"","_monsterinsights_sitenote_category":0},"product_cat":[65,68],"product_tag":[],"class_list":{"0":"post-6698","1":"product","2":"type-product","3":"status-publish","4":"has-post-thumbnail","6":"product_cat-enjektor","7":"product_cat-enjektoer-memesi","9":"first","10":"instock","11":"shipping-taxable","12":"product-type-simple"},"aioseo_notices":[],"_links":{"self":[{"href":"https:\/\/simsekpompa.com.tr\/index.php?rest_route=\/wp\/v2\/product\/6698","targetHints":{"allow":["GET"]}}],"collection":[{"href":"https:\/\/simsekpompa.com.tr\/index.php?rest_route=\/wp\/v2\/product"}],"about":[{"href":"https:\/\/simsekpompa.com.tr\/index.php?rest_route=\/wp\/v2\/types\/product"}],"replies":[{"embeddable":true,"href":"https:\/\/simsekpompa.com.tr\/index.php?rest_route=%2Fwp%2Fv2%2Fcomments&post=6698"}],"wp:featuredmedia":[{"embeddable":true,"href":"https:\/\/simsekpompa.com.tr\/index.php?rest_route=\/wp\/v2\/media\/7210"}],"wp:attachment":[{"href":"https:\/\/simsekpompa.com.tr\/index.php?rest_route=%2Fwp%2Fv2%2Fmedia&parent=6698"}],"wp:term":[{"taxonomy":"product_cat","embeddable":true,"href":"https:\/\/simsekpompa.com.tr\/index.php?rest_route=%2Fwp%2Fv2%2Fproduct_cat&post=6698"},{"taxonomy":"product_tag","embeddable":true,"href":"https:\/\/simsekpompa.com.tr\/index.php?rest_route=%2Fwp%2Fv2%2Fproduct_tag&post=6698"}],"curies":[{"name":"wp","href":"https:\/\/api.w.org\/{rel}","templated":true}]}}