{"id":7652,"date":"2024-08-24T07:47:13","date_gmt":"2024-08-24T07:47:13","guid":{"rendered":"https:\/\/simsekpompa.com.tr\/?post_type=product&#038;p=7652"},"modified":"2025-01-21T11:47:44","modified_gmt":"2025-01-21T11:47:44","slug":"hl140t45f200p3-enjektor-memesi","status":"publish","type":"product","link":"https:\/\/simsekpompa.com.tr\/?product=hl140t45f200p3-enjektor-memesi","title":{"rendered":"NOZZLE -HL140T45F200P3-CAV"},"content":{"rendered":"<h2>Giri\u015f<\/h2>\n<p>Nozzle HL140T45F200P3, gemi enjekt\u00f6rlerinin \u00f6nemli bir par\u00e7as\u0131d\u0131r. Bu enjekt\u00f6rler, deniz ara\u00e7lar\u0131n\u0131n performans\u0131n\u0131 art\u0131rmak ve yanma verimlili\u011fini sa\u011flamak i\u00e7in kritik bir rol oynar.<\/p>\n<h2>Performans \u00d6zellikleri<\/h2>\n<p>Bu nozzle, y\u00fcksek bas\u0131n\u00e7 alt\u0131nda stabilize \u00e7al\u0131\u015farak, yak\u0131t\u0131n en iyi \u015fekilde atomize edilmesini sa\u011flar. Gemi enjekt\u00f6rleri aras\u0131nda yer alan HL140T45F200P3, yak\u0131t tasarrufuna ve motorun \u00f6mr\u00fcn\u00fc uzatmaya yard\u0131mc\u0131 olur.<\/p>\n<h2>Sonu\u00e7<\/h2>\n<p>E\u011fer gemi elamanlar\u0131n\u0131n verimlili\u011fini art\u0131rmak istiyorsan\u0131z, enjekt\u00f6rlerin kalitesine dikkat etmelisiniz. Nozzle HL140T45F200P3, bu alanda hem performans hem de dayan\u0131kl\u0131l\u0131kla \u00f6n plana \u00e7\u0131kmaktad\u0131r.<\/p>\n","protected":false},"excerpt":{"rendered":"<p>Giri\u015f Nozzle HL140T45F200P3, gemi enjekt\u00f6rlerinin \u00f6nemli bir par\u00e7as\u0131d\u0131r. Bu enjekt\u00f6rler, deniz ara\u00e7lar\u0131n\u0131n performans\u0131n\u0131 art\u0131rmak ve yanma verimlili\u011fini sa\u011flamak i\u00e7in kritik bir rol oynar. Performans \u00d6zellikleri Bu nozzle, y\u00fcksek bas\u0131n\u00e7 alt\u0131nda stabilize \u00e7al\u0131\u015farak, yak\u0131t\u0131n en iyi \u015fekilde atomize edilmesini sa\u011flar. Gemi enjekt\u00f6rleri aras\u0131nda yer alan HL140T45F200P3, yak\u0131t tasarrufuna ve motorun \u00f6mr\u00fcn\u00fc uzatmaya&hellip;<\/p>\n","protected":false},"featured_media":7653,"comment_status":"open","ping_status":"closed","template":"","meta":{"om_disable_all_campaigns":false,"_monsterinsights_skip_tracking":false,"_monsterinsights_sitenote_active":false,"_monsterinsights_sitenote_note":"","_monsterinsights_sitenote_category":0},"product_cat":[65,68],"product_tag":[208,160,161,207,162],"class_list":{"0":"post-7652","1":"product","2":"type-product","3":"status-publish","4":"has-post-thumbnail","6":"product_cat-enjektor","7":"product_cat-enjektoer-memesi","8":"product_tag-cav","9":"product_tag-enjektor","10":"product_tag-enjektor-memesi","11":"product_tag-hl140t45f200p3","12":"product_tag-nozzle","14":"first","15":"instock","16":"shipping-taxable","17":"product-type-simple"},"aioseo_notices":[],"_links":{"self":[{"href":"https:\/\/simsekpompa.com.tr\/index.php?rest_route=\/wp\/v2\/product\/7652","targetHints":{"allow":["GET"]}}],"collection":[{"href":"https:\/\/simsekpompa.com.tr\/index.php?rest_route=\/wp\/v2\/product"}],"about":[{"href":"https:\/\/simsekpompa.com.tr\/index.php?rest_route=\/wp\/v2\/types\/product"}],"replies":[{"embeddable":true,"href":"https:\/\/simsekpompa.com.tr\/index.php?rest_route=%2Fwp%2Fv2%2Fcomments&post=7652"}],"wp:featuredmedia":[{"embeddable":true,"href":"https:\/\/simsekpompa.com.tr\/index.php?rest_route=\/wp\/v2\/media\/7653"}],"wp:attachment":[{"href":"https:\/\/simsekpompa.com.tr\/index.php?rest_route=%2Fwp%2Fv2%2Fmedia&parent=7652"}],"wp:term":[{"taxonomy":"product_cat","embeddable":true,"href":"https:\/\/simsekpompa.com.tr\/index.php?rest_route=%2Fwp%2Fv2%2Fproduct_cat&post=7652"},{"taxonomy":"product_tag","embeddable":true,"href":"https:\/\/simsekpompa.com.tr\/index.php?rest_route=%2Fwp%2Fv2%2Fproduct_tag&post=7652"}],"curies":[{"name":"wp","href":"https:\/\/api.w.org\/{rel}","templated":true}]}}